{"id":6454,"date":"2020-08-04T14:37:41","date_gmt":"2020-08-04T11:37:41","guid":{"rendered":"http:\/\/mesionhea.ee\/mesilasedjamaailm\/?page_id=6454"},"modified":"2021-01-28T17:23:08","modified_gmt":"2021-01-28T15:23:08","slug":"avaleht","status":"publish","type":"page","link":"https:\/\/mesionhea.ee\/mesilasedjamaailm\/","title":{"rendered":"Avaleht"},"content":{"rendered":"<p>[vc_section bklyn_overlay_effect=&#8221;true&#8221; bklyn_overlay_effect_number=&#8221;55&#8243; bklyn_overlay_effect_speed=&#8221;4&#8243; bklyn_overlay_effect_randomize_opacity=&#8221;true&#8221; bklyn_overlay_effect_opacity_animate=&#8221;true&#8221; bklyn_overlay_effect_connect_particles=&#8221;false&#8221; bklyn_overlay_effect_hover_mode=&#8221;bubble&#8221; background_attachment=&#8221;fixed&#8221; section_separator_bottom=&#8221;true&#8221; section_separator_bottom_height=&#8221;30&#8243; section_separator_bottom_hide_on_tablet=&#8221;&#8221; section_separator_bottom_hide_on_mobile=&#8221;&#8221; css=&#8221;.vc_custom_1599565792521{margin-bottom: 0px !important;padding-top: 180px !important;padding-bottom: 220px !important;background-image: url(https:\/\/mesionhea.ee\/mesilasedjamaailm\/wp-content\/uploads\/2020\/09\/Avalehe-taust-3.jpg?id=6749) !important;background-position: center !important;background-repeat: no-repeat !important;background-size: cover !important;}&#8221; section_separator_bottom_color_1=&#8221;#ffffff&#8221; section_separator_bottom_color_2=&#8221;rgba(255,255,255,0.16)&#8221; bklyn_overlay_effect_particle_color=&#8221;#ffdd93&#8243;][vc_row effect=&#8221;fadeIn&#8221;][vc_column width=&#8221;1\/6&#8243;][\/vc_column][vc_column width=&#8221;2\/3&#8243;]<style type=\"text\/css\">#ut_custom_heading69e58b606c71d { color:#ffffff; }#ut_custom_heading69e58b606c71d{ font-size: 20px }#ut_custom_heading69e58b606c71d { text-align:center; }@media (min-width: 768px) and (max-width: 1024px) { #ut_custom_heading69e58b606c71d { text-align:center; } }@media (max-width: 767px) { #ut_custom_heading69e58b606c71d { text-align:center; } }<\/style><h2 id=\"ut_custom_heading69e58b606c71d\" data-responsive-font=\"h2\" data-responsive-font-settings=\"{&quot;base-font-size&quot;:&quot;20&quot;}\" class=\"ut-custom-heading-module  ut-animate-element animated ut-no-animation-tablet ut-no-animation-mobile \" data-effect=\"fadeIn\" data-animateonce=\"yes\" data-delay=\"0\"><span class=\"\" >VIRTUAALN\u00c4ITUS<\/span><\/h2><div class=\"wpb_content_element \"><style type=\"text\/css\">#ut_header_69e58b606df37 h2.section-title, #ut_header_69e58b606df37 h2.section-title span { color:#ffffff; }#ut_header_69e58b606df37 h2.section-title{ font-family: \"Nunito Sans\";font-weight:600;font-style:normal; }#ut_header_69e58b606df37 h2.section-title{ font-size: 80px }@media (min-width: 768px) { #ut_header_69e58b606df37 h2.section-title { line-height: 98px !important; } }#ut_header_69e58b606df37 h2.section-title{ letter-spacing: -0.03em }#ut_header_69e58b606df37 .lead { color:rgba(255, 255, 255, 0.85); }#ut_header_69e58b606df37 .lead p { color:rgba(255, 255, 255, 0.85); }<\/style><header id=\"ut_header_69e58b606df37\" class=\"section-header  ut-no-title-linebreak-mobile ut-no-lead-linebreak-mobile pt-style-7 header-center header-tablet-center header-mobile-center element-with-custom-line-height\"><div class=\"element-with-custom-line-height element-with-custom-line-height\" ><h2 data-title=\"Maailm mesilaste tiibadel\" data-effect=\"fadeIn\" data-animateonce=\"yes\" data-delay=\"100\" data-responsive-font=\"section_title\" data-responsive-font-settings=\"{&quot;base-font-size&quot;:&quot;80&quot;,&quot;base-line-height&quot;:&quot;98&quot;,&quot;base-letter-spacing&quot;:&quot;-0.03&quot;}\" class=\"section-title ut-animate-element animated ut-no-animation-tablet ut-no-animation-mobile \"><span>Maailm mesilaste tiibadel<\/span><\/h2><\/div><div data-effect=\"fadeIn\" data-animateonce=\"yes\" data-delay=\"200\" class=\"lead ut-animate-element animated ut-no-animation-tablet ut-no-animation-mobile\"><p>Virtuaaln\u00e4itus tutvustab l\u00e4hemalt, kuidas mesilased on maailma taimestiku liigirikkuse s\u00e4ilimise peaosalised ning meie toiduohutuse tagajad.<\/p>\n<\/div><\/header><\/div><div class=\"ut-btn-group  ut-btn-group-center ut-btn-group-tablet-center ut-btn-group-mobile-center clearfix\"><style type=\"text\/css\">#bklyn_btn_69e58b606e18e .bklyn-btn { color:#ffffff !important; border-radius:50px !important; background-color:#572f59 !important; }#bklyn_btn_69e58b606e18e .bklyn-btn:hover{ color:#ffffff !important; background-color:rgba(87, 47, 89, 0.75) !important; }#bklyn_btn_69e58b606e18e .bklyn-btn:focus{ color:#ffffff !important; background-color:rgba(87, 47, 89, 0.75) !important; }#bklyn_btn_69e58b606e18e .bklyn-btn:active { color:#ffffff !important; background-color:rgba(87, 47, 89, 0.75) !important; }#bklyn_btn_69e58b606e18e a.bklyn-btn { font-weight:500 !important; }#bklyn_btn_69e58b606e18e.bklyn-btn-header a.bklyn-btn { font-weight:500 !important; }#bklyn_btn_69e58b606e18e.bklyn-btn-header a.bklyn-btn span { font-weight:500 !important; }#bklyn_btn_69e58b606e18e a.bklyn-btn { font-family:inherit !important; }#bklyn_btn_69e58b606e18e a.bklyn-btn { text-transform:none !important; }#bklyn_btn_69e58b606e18e a i:before { font-size:24px; }#bklyn_btn_69e58b606e18e.bklyn-btn-holder a { padding-top:1.2em;padding-right:2.5em;padding-bottom:1.2em;padding-left:2.5em }<\/style><div id=\"bklyn_btn_69e58b606e18e\" class=\"bklyn-btn-holder  bklyn-btn-first bklyn-btn-center bklyn-btn-tablet-center bklyn-btn-mobile-center\"><a title=\"\" data-effect=\"fadeInUp\" data-animateonce=\"yes\" data-delay=\"0\"  href=\"https:\/\/mesionhea.ee\/mesilasedjamaailm\/#sissejuhatus\" target=\"_self\" class=\"bklyn-btn  bklyn-btn-shadow-active bklyn-btn-icon-left ut-animate-element animated ut-no-animation-tablet ut-no-animation-mobile bklyn-btn-normal\" ><i class=\"BklynIcons-Right-6\"><\/i><span class=\"ut-btn-text\">ALUSTA<\/span><\/a><\/div><style type=\"text\/css\">#bklyn_btn_69e58b606e1c8 .bklyn-btn { color:#ffffff !important; border-radius:50px !important; background-color:#cd5823 !important; }#bklyn_btn_69e58b606e1c8 .bklyn-btn:hover{ color:#ffffff !important; background-color:rgba(205, 88, 35, 0.75) !important; }#bklyn_btn_69e58b606e1c8 .bklyn-btn:focus{ color:#ffffff !important; background-color:rgba(205, 88, 35, 0.75) !important; }#bklyn_btn_69e58b606e1c8 .bklyn-btn:active { color:#ffffff !important; background-color:rgba(205, 88, 35, 0.75) !important; }#bklyn_btn_69e58b606e1c8 a.bklyn-btn { font-weight:500 !important; }#bklyn_btn_69e58b606e1c8.bklyn-btn-header a.bklyn-btn { font-weight:500 !important; }#bklyn_btn_69e58b606e1c8.bklyn-btn-header a.bklyn-btn span { font-weight:500 !important; }#bklyn_btn_69e58b606e1c8 a.bklyn-btn { font-family:inherit !important; }#bklyn_btn_69e58b606e1c8 a.bklyn-btn { text-transform:none !important; }#bklyn_btn_69e58b606e1c8 a i:before { font-size:24px; }#bklyn_btn_69e58b606e1c8.bklyn-btn-holder a { padding-top:1.2em;padding-right:2.5em;padding-bottom:1.2em;padding-left:2.5em }<\/style><div id=\"bklyn_btn_69e58b606e1c8\" class=\"bklyn-btn-holder  bklyn-btn-last bklyn-btn-center bklyn-btn-tablet-center bklyn-btn-mobile-center\"><a title=\"\" data-effect=\"fadeInUp\" data-animateonce=\"yes\" data-delay=\"0\"  href=\"https:\/\/mesionhea.ee\/mesilasedjamaailm\/sisukord\/\" target=\"_self\" class=\"bklyn-btn  bklyn-btn-shadow-active bklyn-btn-icon-left ut-animate-element animated ut-no-animation-tablet ut-no-animation-mobile bklyn-btn-normal\" ><i class=\"fa fa-th-large\"><\/i><span class=\"ut-btn-text\">TEEMAD<\/span><\/a><\/div><\/div>[vc_column_text el_id=&#8221;sissejuhatus&#8221;][\/vc_column_text][\/vc_column][vc_column width=&#8221;1\/6&#8243;][\/vc_column][\/vc_row][\/vc_section][vc_section css=&#8221;.vc_custom_1599562455861{margin-top: 0px !important;padding-top: 60px !important;padding-bottom: 60px !important;}&#8221;][vc_row effect=&#8221;fadeIn&#8221;][vc_column width=&#8221;1\/6&#8243;][\/vc_column][vc_column width=&#8221;2\/3&#8243;][vc_column_text]<\/p>\n<h2>Londoni kuninglik geograafiaselts kuulutas aastal 2019 mesilased k\u00f5ige t\u00e4htsamateks elusolenditeks maailmas.<\/h2>\n<p>Kaalukaim p\u00f5hjus selle v\u00e4\u00e4rika nimetuse saamisel on muidugi mesilaste roll tolmeldajatena. 78% metsikutest taimedest vajab tolmeldamist, et paljuneda. Mesilased ja teised tolmeldajad m\u00e4ngivad seega maailma taimestiku liigirikkuse s\u00e4ilimisel \u00fcht peaosadest.<\/p>\n<p>Aga mesilased on ka meie toiduohutuse tagajad \u2013 84% Euroopa p\u00f5llukultuuridest s\u00f5ltuvad kas t\u00e4ielikult v\u00f5i osaliselt putukatest seemnete tootmisel ning suurema ja kvaliteetsema saagi andmisel.<\/p>\n<p>Kui m\u00f5\u00f5ta rahas mesilaste panust Euroopa Liidu majandusse, v\u00f5rdub see umbes 14 miljardi euroga.<\/p>\n<p>[\/vc_column_text]<style type=\"text\/css\">#bklyn_btn_69e58b606e1f3 .bklyn-btn { color:#ffffff !important; border-radius:50px !important; background-color:#572f59 !important; }#bklyn_btn_69e58b606e1f3 .bklyn-btn:hover{ color:#ffffff !important; background-color:rgba(87, 47, 89, 0.75) !important; }#bklyn_btn_69e58b606e1f3 .bklyn-btn:focus{ color:#ffffff !important; background-color:rgba(87, 47, 89, 0.75) !important; }#bklyn_btn_69e58b606e1f3 .bklyn-btn:active { color:#ffffff !important; background-color:rgba(87, 47, 89, 0.75) !important; }#bklyn_btn_69e58b606e1f3 a.bklyn-btn { font-weight:500 !important; }#bklyn_btn_69e58b606e1f3.bklyn-btn-header a.bklyn-btn { font-weight:500 !important; }#bklyn_btn_69e58b606e1f3.bklyn-btn-header a.bklyn-btn span { font-weight:500 !important; }#bklyn_btn_69e58b606e1f3 a.bklyn-btn { font-family:inherit !important; }#bklyn_btn_69e58b606e1f3 a.bklyn-btn { text-transform:none !important; }#bklyn_btn_69e58b606e1f3 a i:before { font-size:24px; }#bklyn_btn_69e58b606e1f3.bklyn-btn-holder a { padding-top:1.2em;padding-right:2.5em;padding-bottom:1.2em;padding-left:2.5em }<\/style><div id=\"bklyn_btn_69e58b606e1f3\" class=\"bklyn-btn-holder  bklyn-btn-center bklyn-btn-tablet-center bklyn-btn-mobile-center\"><a title=\"\" data-effect=\"fadeInUp\" data-animateonce=\"yes\" data-delay=\"0\"  href=\"https:\/\/mesionhea.ee\/mesilasedjamaailm\/portfolio-item\/1-mesilased-ja-okosusteem\/\" target=\"_self\" class=\"bklyn-btn  bklyn-btn-shadow-active bklyn-btn-icon-left ut-animate-element animated ut-no-animation-tablet ut-no-animation-mobile bklyn-btn-normal\" ><i class=\"BklynIcons-Right-6\"><\/i><span class=\"ut-btn-text\">EDASI<\/span><\/a><\/div>[\/vc_column][vc_column width=&#8221;1\/6&#8243;][\/vc_column][\/vc_row][\/vc_section]<\/p>\n","protected":false},"excerpt":{"rendered":"<p>[vc_section bklyn_overlay_effect=&#8221;true&#8221; bklyn_overlay_effect_number=&#8221;55&#8243; bklyn_overlay_effect_speed=&#8221;4&#8243; bklyn_overlay_effect_randomize_opacity=&#8221;true&#8221; bklyn_overlay_effect_opacity_animate=&#8221;true&#8221; bklyn_overlay_effect_connect_particles=&#8221;false&#8221; bklyn_overlay_effect_hover_mode=&#8221;bubble&#8221; background_attachment=&#8221;fixed&#8221; section_separator_bottom=&#8221;true&#8221; section_separator_bottom_height=&#8221;30&#8243; section_separator_bottom_hide_on_tablet=&#8221;&#8221; section_separator_bottom_hide_on_mobile=&#8221;&#8221; css=&#8221;.vc_custom_1599565792521{margin-bottom: 0px !important;padding-top: 180px !important;padding-bottom: 220px !important;background-image: url(https:\/\/mesionhea.ee\/mesilasedjamaailm\/wp-content\/uploads\/2020\/09\/Avalehe-taust-3.jpg?id=6749) !important;background-position: center !important;background-repeat: no-repeat !important;background-size: cover !important;}&#8221; section_separator_bottom_color_1=&#8221;#ffffff&#8221; section_separator_bottom_color_2=&#8221;rgba(255,255,255,0.16)&#8221; bklyn_overlay_effect_particle_color=&#8221;#ffdd93&#8243;][vc_row effect=&#8221;fadeIn&#8221;][vc_column width=&#8221;1\/6&#8243;][\/vc_column][vc_column width=&#8221;2\/3&#8243;][vc_column_text el_id=&#8221;sissejuhatus&#8221;][\/vc_column_text][\/vc_column][vc_column width=&#8221;1\/6&#8243;][\/vc_column][\/vc_row][\/vc_section][vc_section css=&#8221;.vc_custom_1599562455861{margin-top: 0px !important;padding-top: 60px !important;padding-bottom: 60px !important;}&#8221;][vc_row effect=&#8221;fadeIn&#8221;][vc_column width=&#8221;1\/6&#8243;][\/vc_column][vc_column width=&#8221;2\/3&#8243;][vc_column_text] Londoni kuninglik geograafiaselts kuulutas aastal 2019 mesilased k\u00f5ige t\u00e4htsamateks [&hellip;]<\/p>\n","protected":false},"author":1,"featured_media":0,"parent":0,"menu_order":0,"comment_status":"closed","ping_status":"closed","template":"","meta":{"footnotes":""},"_links":{"self":[{"href":"https:\/\/mesionhea.ee\/mesilasedjamaailm\/wp-json\/wp\/v2\/pages\/6454"}],"collection":[{"href":"https:\/\/mesionhea.ee\/mesilasedjamaailm\/wp-json\/wp\/v2\/pages"}],"about":[{"href":"https:\/\/mesionhea.ee\/mesilasedjamaailm\/wp-json\/wp\/v2\/types\/page"}],"author":[{"embeddable":true,"href":"https:\/\/mesionhea.ee\/mesilasedjamaailm\/wp-json\/wp\/v2\/users\/1"}],"replies":[{"embeddable":true,"href":"https:\/\/mesionhea.ee\/mesilasedjamaailm\/wp-json\/wp\/v2\/comments?post=6454"}],"version-history":[{"count":5,"href":"https:\/\/mesionhea.ee\/mesilasedjamaailm\/wp-json\/wp\/v2\/pages\/6454\/revisions"}],"predecessor-version":[{"id":6805,"href":"https:\/\/mesionhea.ee\/mesilasedjamaailm\/wp-json\/wp\/v2\/pages\/6454\/revisions\/6805"}],"wp:attachment":[{"href":"https:\/\/mesionhea.ee\/mesilasedjamaailm\/wp-json\/wp\/v2\/media?parent=6454"}],"curies":[{"name":"wp","href":"https:\/\/api.w.org\/{rel}","templated":true}]}}